{"id":114,"date":"2025-02-13T09:43:38","date_gmt":"2025-02-13T09:43:38","guid":{"rendered":"https:\/\/agaty-agaty.pl\/?page_id=114"},"modified":"2025-04-17T13:44:17","modified_gmt":"2025-04-17T11:44:17","slug":"kolekcje-pory-roku","status":"publish","type":"page","link":"https:\/\/agaty-agaty.pl\/index.php\/kolekcje-pory-roku\/","title":{"rendered":"Kolekcje &#8222;Pory roku&#8221;"},"content":{"rendered":"\n<p class=\"has-featured-color has-text-color has-link-color has-superbfont-medium-font-size wp-elements-7d5c24edc13c98320bc19236cce90cf4\">Dzi\u0119kuj\u0119 za cierpliwo\u015b\u0107! <\/p>\n\n\n\n<p class=\"has-featured-color has-text-color has-link-color has-superbfont-medium-font-size wp-elements-2b742f843f7f917f2eaac203ec9f4729\">Kolekcje ju\u017c niebawem zagoszcz\u0105 na stronie \u2013 tworz\u0119 je z sercem, specjalnie dla Ciebie!<\/p>\n\n\n\n<p><\/p>\n","protected":false},"excerpt":{"rendered":"<p>Dzi\u0119kuj\u0119 za cierpliwo\u015b\u0107! Kolekcje ju\u017c niebawem zagoszcz\u0105 na stronie \u2013 tworz\u0119 je z sercem, specjalnie dla Ciebie!<\/p>\n","protected":false},"author":1,"featured_media":0,"parent":0,"menu_order":0,"comment_status":"closed","ping_status":"closed","template":"","meta":{"footnotes":""},"class_list":["post-114","page","type-page","status-publish","hentry"],"jetpack_sharing_enabled":true,"_links":{"self":[{"href":"https:\/\/agaty-agaty.pl\/index.php\/wp-json\/wp\/v2\/pages\/114","targetHints":{"allow":["GET"]}}],"collection":[{"href":"https:\/\/agaty-agaty.pl\/index.php\/wp-json\/wp\/v2\/pages"}],"about":[{"href":"https:\/\/agaty-agaty.pl\/index.php\/wp-json\/wp\/v2\/types\/page"}],"author":[{"embeddable":true,"href":"https:\/\/agaty-agaty.pl\/index.php\/wp-json\/wp\/v2\/users\/1"}],"replies":[{"embeddable":true,"href":"https:\/\/agaty-agaty.pl\/index.php\/wp-json\/wp\/v2\/comments?post=114"}],"version-history":[{"count":4,"href":"https:\/\/agaty-agaty.pl\/index.php\/wp-json\/wp\/v2\/pages\/114\/revisions"}],"predecessor-version":[{"id":334,"href":"https:\/\/agaty-agaty.pl\/index.php\/wp-json\/wp\/v2\/pages\/114\/revisions\/334"}],"wp:attachment":[{"href":"https:\/\/agaty-agaty.pl\/index.php\/wp-json\/wp\/v2\/media?parent=114"}],"curies":[{"name":"wp","href":"https:\/\/api.w.org\/{rel}","templated":true}]}}