{"id":117,"date":"2025-02-13T09:46:52","date_gmt":"2025-02-13T09:46:52","guid":{"rendered":"https:\/\/agaty-agaty.pl\/?page_id=117"},"modified":"2025-04-19T00:48:32","modified_gmt":"2025-04-18T22:48:32","slug":"kontakt","status":"publish","type":"page","link":"https:\/\/agaty-agaty.pl\/index.php\/kontakt\/","title":{"rendered":"Zam\u00f3w co\u015b specjalnego"},"content":{"rendered":"\n<p class=\"has-text-align-center has-featured-color has-text-color has-link-color has-superbfont-medium-font-size wp-elements-f4f226028fa5aaa5429573a17fd3ae55\">Mo\u017ce masz w\u0142asny pomys\u0142 na bi\u017cuteri\u0119 z ulubionych kamieni lub w kolorach, <br>kt\u00f3re najlepiej podkre\u015blaj\u0105 Tw\u00f3j styl?<\/p>\n\n\n\n<p class=\"has-text-align-center has-featured-color has-text-color has-link-color has-superbfont-medium-font-size wp-elements-66307f93d1bbe2a7371ba0a7472ee57c\">Napisz do mnie i opisz sw\u00f3j pomys\u0142 <br>\u2013 z przyjemno\u015bci\u0105 stworz\u0119 dla Ciebie co\u015b wyj\u0105tkowego,<br>zaprojektowanego specjalnie z my\u015bl\u0105 o Tobie!<\/p>\n\n\n<div class=\"wp-block-jetpack-contact-form\"><a href=\"https:\/\/agaty-agaty.pl\/index.php\/kontakt\/\" target=\"_blank\" rel=\"noopener noreferrer\">Prze\u015blij formularz.<\/a><\/div>\n\n\n<p><\/p>\n","protected":false},"excerpt":{"rendered":"<p>Mo\u017ce masz w\u0142asny pomys\u0142 na bi\u017cuteri\u0119 z ulubionych kamieni lub w kolorach, kt\u00f3re najlepiej podkre\u015blaj\u0105 Tw\u00f3j styl? Napisz do mnie i opisz sw\u00f3j pomys\u0142 \u2013 z przyjemno\u015bci\u0105 stworz\u0119 dla Ciebie co\u015b wyj\u0105tkowego,zaprojektowanego specjalnie z my\u015bl\u0105 o Tobie!<\/p>\n","protected":false},"author":1,"featured_media":0,"parent":0,"menu_order":0,"comment_status":"closed","ping_status":"closed","template":"","meta":{"footnotes":""},"class_list":["post-117","page","type-page","status-publish","hentry"],"jetpack_sharing_enabled":true,"_links":{"self":[{"href":"https:\/\/agaty-agaty.pl\/index.php\/wp-json\/wp\/v2\/pages\/117","targetHints":{"allow":["GET"]}}],"collection":[{"href":"https:\/\/agaty-agaty.pl\/index.php\/wp-json\/wp\/v2\/pages"}],"about":[{"href":"https:\/\/agaty-agaty.pl\/index.php\/wp-json\/wp\/v2\/types\/page"}],"author":[{"embeddable":true,"href":"https:\/\/agaty-agaty.pl\/index.php\/wp-json\/wp\/v2\/users\/1"}],"replies":[{"embeddable":true,"href":"https:\/\/agaty-agaty.pl\/index.php\/wp-json\/wp\/v2\/comments?post=117"}],"version-history":[{"count":12,"href":"https:\/\/agaty-agaty.pl\/index.php\/wp-json\/wp\/v2\/pages\/117\/revisions"}],"predecessor-version":[{"id":344,"href":"https:\/\/agaty-agaty.pl\/index.php\/wp-json\/wp\/v2\/pages\/117\/revisions\/344"}],"wp:attachment":[{"href":"https:\/\/agaty-agaty.pl\/index.php\/wp-json\/wp\/v2\/media?parent=117"}],"curies":[{"name":"wp","href":"https:\/\/api.w.org\/{rel}","templated":true}]}}