{"id":247,"date":"2025-04-02T15:42:04","date_gmt":"2025-04-02T15:42:04","guid":{"rendered":"https:\/\/agaty-agaty.pl\/?post_type=product&#038;p=247"},"modified":"2025-12-03T13:27:34","modified_gmt":"2025-12-03T12:27:34","slug":"jaspis-kiwi-agat-crazy-hematyt-ceramika-i-masa-perlowa","status":"publish","type":"product","link":"https:\/\/agaty-agaty.pl\/index.php\/produkt\/jaspis-kiwi-agat-crazy-hematyt-ceramika-i-masa-perlowa\/","title":{"rendered":"Bransoletka &#8222;Dotyk Wiosny&#8221; #1"},"content":{"rendered":"<p style=\"text-align: center;\">Bransoletka z <strong>jaspisu kiwi<\/strong>, <strong>z\u0142ocistych hematyt\u00f3w<\/strong> i <strong>agat\u00f3w crazy<\/strong>, ozdobiona eleganck\u0105 zawieszk\u0105 ze stali szlachetnej i masy per\u0142owej.<\/p>\n<p style=\"text-align: center;\">Delikatne po\u0142\u0105czenie barw sprawia, \u017ce idealnie komponuje si\u0119 z typem urody <strong>wiosna<\/strong>, ale podkre\u015bli te\u017c urod\u0119 <strong>&#8222;jesieni&#8221;<\/strong>.<\/p>\n<p>&nbsp;<\/p>\n<p>&nbsp;<\/p>\n<h4 style=\"text-align: center;\"><strong>Informacja dotycz\u0105ca produkt\u00f3w wykonanych na \u017cy\u0142ce elastycznej:<\/strong><\/h4>\n<p style=\"text-align: center;\">Bransoletki z oferty standardowo s\u0105 wykonywane na nadgarstki o obwodach 16-18cm. Je\u017celi preferujesz inny rozmiar lub lu\u017aniejsze bransoletki, podaj t\u0119 informacj\u0119 w uwagach do zam\u00f3wienia. Dzi\u0119ki temu b\u0119d\u0119 mog\u0142a przygotowa\u0107 bransoletk\u0119 dostosowan\u0105 specjalnie do Ciebie, tak aby zapewni\u0107 Ci wygod\u0119 noszenia i idealne dopasowanie do nadgarstka.<\/p>\n","protected":false},"excerpt":{"rendered":"<p>Jaspis kiwi, agat crazy, hematyt z\u0142ocisty, masa per\u0142owa<\/p>\n","protected":false},"featured_media":420,"comment_status":"closed","ping_status":"closed","template":"","meta":[],"product_brand":[37],"product_cat":[24,50,47],"product_tag":[29,30,22,28,27,31,34,32],"class_list":{"0":"post-247","1":"product","2":"type-product","3":"status-publish","4":"has-post-thumbnail","6":"product_brand-wiosna","7":"product_cat-bransoletki","8":"product_cat-jesien","9":"product_cat-wiosna","10":"product_tag-agat-crazy","11":"product_tag-ceramika","12":"product_tag-hematyty","13":"product_tag-jaspis-kiwi","14":"product_tag-jesien","15":"product_tag-masa-perlowa","16":"product_tag-stal-szlachetna","17":"product_tag-wiosna","19":"first","20":"onbackorder","21":"taxable","22":"shipping-taxable","23":"purchasable","24":"product-type-simple"},"jetpack_sharing_enabled":true,"_links":{"self":[{"href":"https:\/\/agaty-agaty.pl\/index.php\/wp-json\/wp\/v2\/product\/247","targetHints":{"allow":["GET"]}}],"collection":[{"href":"https:\/\/agaty-agaty.pl\/index.php\/wp-json\/wp\/v2\/product"}],"about":[{"href":"https:\/\/agaty-agaty.pl\/index.php\/wp-json\/wp\/v2\/types\/product"}],"replies":[{"embeddable":true,"href":"https:\/\/agaty-agaty.pl\/index.php\/wp-json\/wp\/v2\/comments?post=247"}],"wp:featuredmedia":[{"embeddable":true,"href":"https:\/\/agaty-agaty.pl\/index.php\/wp-json\/wp\/v2\/media\/420"}],"wp:attachment":[{"href":"https:\/\/agaty-agaty.pl\/index.php\/wp-json\/wp\/v2\/media?parent=247"}],"wp:term":[{"taxonomy":"product_brand","embeddable":true,"href":"https:\/\/agaty-agaty.pl\/index.php\/wp-json\/wp\/v2\/product_brand?post=247"},{"taxonomy":"product_cat","embeddable":true,"href":"https:\/\/agaty-agaty.pl\/index.php\/wp-json\/wp\/v2\/product_cat?post=247"},{"taxonomy":"product_tag","embeddable":true,"href":"https:\/\/agaty-agaty.pl\/index.php\/wp-json\/wp\/v2\/product_tag?post=247"}],"curies":[{"name":"wp","href":"https:\/\/api.w.org\/{rel}","templated":true}]}}