{"id":253,"date":"2025-04-02T16:44:59","date_gmt":"2025-04-02T16:44:59","guid":{"rendered":"https:\/\/agaty-agaty.pl\/?post_type=product&#038;p=253"},"modified":"2025-12-03T13:27:34","modified_gmt":"2025-12-03T12:27:34","slug":"agat-jadeit-hematyt-zlocisty","status":"publish","type":"product","link":"https:\/\/agaty-agaty.pl\/index.php\/produkt\/agat-jadeit-hematyt-zlocisty\/","title":{"rendered":"Bransoletka &#8222;Dotyk wiosny&#8221; #2"},"content":{"rendered":"<p style=\"text-align: center;\">Elegancka bransoletka z <strong>agat\u00f3w<\/strong>, <strong>jadeit\u00f3w<\/strong> i <strong>z\u0142ocistych hematyt\u00f3w<\/strong>, uzupe\u0142niona ceramicznymi akcentami i elementami ze stali szlachetnej.<\/p>\n<p style=\"text-align: center;\">Harmonijne po\u0142\u0105czenie barw doskonale wsp\u00f3\u0142gra z typem urody <strong>wiosna<\/strong>, dodaj\u0105c subtelnego blasku i elegancji.<\/p>\n<p>&nbsp;<\/p>\n<p>&nbsp;<\/p>\n<h4 style=\"text-align: center;\"><strong>Informacja dotycz\u0105ca produkt\u00f3w wykonanych na \u017cy\u0142ce elastycznej:<\/strong><\/h4>\n<p style=\"text-align: center;\">Bransoletki z oferty standardowo s\u0105 wykonywane na nadgarstki o obwodach 16-18cm. Je\u017celi preferujesz inny rozmiar lub lu\u017aniejsze bransoletki, podaj t\u0119 informacj\u0119 w uwagach do zam\u00f3wienia. Dzi\u0119ki temu b\u0119d\u0119 mog\u0142a przygotowa\u0107 bransoletk\u0119 dostosowan\u0105 specjalnie do Ciebie, tak aby zapewni\u0107 Ci wygod\u0119 noszenia i idealne dopasowanie do nadgarstka.<\/p>\n","protected":false},"excerpt":{"rendered":"<p>Agat, jadeit, hematyt z\u0142ocisty, ceramika, stal szlachetna<\/p>\n","protected":false},"featured_media":419,"comment_status":"closed","ping_status":"closed","template":"","meta":[],"product_brand":[],"product_cat":[24,47],"product_tag":[21,30,22,33,34,32],"class_list":{"0":"post-253","1":"product","2":"type-product","3":"status-publish","4":"has-post-thumbnail","6":"product_cat-bransoletki","7":"product_cat-wiosna","8":"product_tag-agaty","9":"product_tag-ceramika","10":"product_tag-hematyty","11":"product_tag-jadeit","12":"product_tag-stal-szlachetna","13":"product_tag-wiosna","15":"first","16":"onbackorder","17":"taxable","18":"shipping-taxable","19":"purchasable","20":"product-type-simple"},"jetpack_sharing_enabled":true,"_links":{"self":[{"href":"https:\/\/agaty-agaty.pl\/index.php\/wp-json\/wp\/v2\/product\/253","targetHints":{"allow":["GET"]}}],"collection":[{"href":"https:\/\/agaty-agaty.pl\/index.php\/wp-json\/wp\/v2\/product"}],"about":[{"href":"https:\/\/agaty-agaty.pl\/index.php\/wp-json\/wp\/v2\/types\/product"}],"replies":[{"embeddable":true,"href":"https:\/\/agaty-agaty.pl\/index.php\/wp-json\/wp\/v2\/comments?post=253"}],"wp:featuredmedia":[{"embeddable":true,"href":"https:\/\/agaty-agaty.pl\/index.php\/wp-json\/wp\/v2\/media\/419"}],"wp:attachment":[{"href":"https:\/\/agaty-agaty.pl\/index.php\/wp-json\/wp\/v2\/media?parent=253"}],"wp:term":[{"taxonomy":"product_brand","embeddable":true,"href":"https:\/\/agaty-agaty.pl\/index.php\/wp-json\/wp\/v2\/product_brand?post=253"},{"taxonomy":"product_cat","embeddable":true,"href":"https:\/\/agaty-agaty.pl\/index.php\/wp-json\/wp\/v2\/product_cat?post=253"},{"taxonomy":"product_tag","embeddable":true,"href":"https:\/\/agaty-agaty.pl\/index.php\/wp-json\/wp\/v2\/product_tag?post=253"}],"curies":[{"name":"wp","href":"https:\/\/api.w.org\/{rel}","templated":true}]}}