{"id":258,"date":"2025-04-03T08:50:11","date_gmt":"2025-04-03T08:50:11","guid":{"rendered":"https:\/\/agaty-agaty.pl\/?post_type=product&#038;p=258"},"modified":"2025-12-03T13:27:34","modified_gmt":"2025-12-03T12:27:34","slug":"komplet-bransoletek-letnia-harmonia","status":"publish","type":"product","link":"https:\/\/agaty-agaty.pl\/index.php\/produkt\/komplet-bransoletek-letnia-harmonia\/","title":{"rendered":"Komplet 2 bransoletek &#8222;Letnia Harmonia&#8221;"},"content":{"rendered":"<p style=\"text-align: center;\" data-start=\"77\" data-end=\"318\">Wyj\u0105tkowy komplet dw\u00f3ch bransoletek wykonanych z naturalnych kamieni szlachetnych i element\u00f3w ozdobnych. Harmonijne po\u0142\u0105czenie barw oraz starannie dobrane materia\u0142y sprawiaj\u0105, \u017ce jest to idealny dodatek dla os\u00f3b o typie urody <strong>lato<\/strong>.<\/p>\n<p style=\"text-align: center;\" data-start=\"322\" data-end=\"529\">Pierwsza bransoletka sk\u0142ada si\u0119 z <strong>akwamarynu<\/strong>, <strong>agatu<\/strong>, <strong>hematytu<\/strong> oraz <strong>stali nierdzewnej<\/strong> w kolorze z\u0142ota, zdobionej l\u015bni\u0105cymi <strong>kryszta\u0142kami<\/strong>. Eleganckie wyko\u0144czenie nadaje jej wyj\u0105tkowego charakteru.<\/p>\n<p style=\"text-align: center;\" data-start=\"532\" data-end=\"659\">Druga bransoletka to zestawienie <strong>magnezytu<\/strong>, <strong>turkus\u00f3w<\/strong>, <strong>kryszta\u0142k\u00f3w<\/strong> i <strong>z\u0142ocistych <\/strong><strong>hematyt\u00f3w<\/strong>, tworz\u0105ce subteln\u0105 i sp\u00f3jn\u0105 kompozycj\u0119.<\/p>\n<p style=\"text-align: center;\" data-start=\"661\" data-end=\"900\">Bransoletki s\u0105 nawleczone na elastyczn\u0105, trwa\u0142\u0105 gumk\u0119, co zapewnia wygod\u0119 noszenia i dopasowanie do nadgarstka. Dzi\u0119ki uniwersalnej stylistyce sprawdz\u0105 si\u0119 zar\u00f3wno na co dzie\u0144, jak i jako elegancki dodatek do wieczorowych stylizacji.<\/p>\n<p data-start=\"661\" data-end=\"900\">\n<p data-start=\"661\" data-end=\"900\">\n<h3 style=\"text-align: center;\"><strong>Informacja dotycz\u0105ca produkt\u00f3w wykonanych na \u017cy\u0142ce elastycznej:<\/strong><\/h3>\n<p style=\"text-align: center;\">Bransoletki z oferty standardowo s\u0105 wykonywane na nadgarstki o obwodach 16-18cm. Je\u017celi preferujesz inny rozmiar lub lu\u017aniejsze bransoletki, podaj t\u0119 informacj\u0119 w uwagach do zam\u00f3wienia. Dzi\u0119ki temu b\u0119d\u0119 mog\u0142a przygotowa\u0107 bransoletk\u0119 dostosowan\u0105 specjalnie do Ciebie, tak aby zapewni\u0107 Ci wygod\u0119 noszenia i idealne dopasowanie do nadgarstka.<\/p>\n","protected":false},"excerpt":{"rendered":"<p>akwamaryn, agat, magnezyt, turkus, kryszta\u0142, hematyt z\u0142ocisty<\/p>\n","protected":false},"featured_media":259,"comment_status":"closed","ping_status":"closed","template":"","meta":[],"product_brand":[],"product_cat":[24,35],"product_tag":[21,41,22,40,42,34,43],"class_list":{"0":"post-258","1":"product","2":"type-product","3":"status-publish","4":"has-post-thumbnail","6":"product_cat-bransoletki","7":"product_cat-lato","8":"product_tag-agaty","9":"product_tag-akwamaryny","10":"product_tag-hematyty","11":"product_tag-krysztaly","12":"product_tag-magnezyty","13":"product_tag-stal-szlachetna","14":"product_tag-turkusy","16":"first","17":"onbackorder","18":"taxable","19":"shipping-taxable","20":"purchasable","21":"product-type-simple"},"jetpack_sharing_enabled":true,"_links":{"self":[{"href":"https:\/\/agaty-agaty.pl\/index.php\/wp-json\/wp\/v2\/product\/258","targetHints":{"allow":["GET"]}}],"collection":[{"href":"https:\/\/agaty-agaty.pl\/index.php\/wp-json\/wp\/v2\/product"}],"about":[{"href":"https:\/\/agaty-agaty.pl\/index.php\/wp-json\/wp\/v2\/types\/product"}],"replies":[{"embeddable":true,"href":"https:\/\/agaty-agaty.pl\/index.php\/wp-json\/wp\/v2\/comments?post=258"}],"wp:featuredmedia":[{"embeddable":true,"href":"https:\/\/agaty-agaty.pl\/index.php\/wp-json\/wp\/v2\/media\/259"}],"wp:attachment":[{"href":"https:\/\/agaty-agaty.pl\/index.php\/wp-json\/wp\/v2\/media?parent=258"}],"wp:term":[{"taxonomy":"product_brand","embeddable":true,"href":"https:\/\/agaty-agaty.pl\/index.php\/wp-json\/wp\/v2\/product_brand?post=258"},{"taxonomy":"product_cat","embeddable":true,"href":"https:\/\/agaty-agaty.pl\/index.php\/wp-json\/wp\/v2\/product_cat?post=258"},{"taxonomy":"product_tag","embeddable":true,"href":"https:\/\/agaty-agaty.pl\/index.php\/wp-json\/wp\/v2\/product_tag?post=258"}],"curies":[{"name":"wp","href":"https:\/\/api.w.org\/{rel}","templated":true}]}}