{"id":275,"date":"2025-04-03T11:07:35","date_gmt":"2025-04-03T11:07:35","guid":{"rendered":"https:\/\/agaty-agaty.pl\/?post_type=product&#038;p=275"},"modified":"2025-12-03T13:27:34","modified_gmt":"2025-12-03T12:27:34","slug":"komplet-3-bransoletek-letnia-harmonia","status":"publish","type":"product","link":"https:\/\/agaty-agaty.pl\/index.php\/produkt\/komplet-3-bransoletek-letnia-harmonia\/","title":{"rendered":"Komplet 3 bransoletek &#8222;Letnia Harmonia&#8221;"},"content":{"rendered":"<p class=\"\" style=\"text-align: center;\" data-start=\"84\" data-end=\"350\">Unikalny komplet trzech bransoletek wykonanych z naturalnych kamieni szlachetnych, \u0142\u0105cz\u0105cych subtelno\u015b\u0107 b\u0142\u0119kit\u00f3w i turkusu z wyrazistymi, z\u0142ocistymi akcentami. To wyj\u0105tkowy dodatek dla os\u00f3b ceni\u0105cych styl i jako\u015b\u0107, szczeg\u00f3lnie polecany dla typu urody <strong>lato<\/strong>.<\/p>\n<p class=\"\" style=\"text-align: center;\" data-start=\"352\" data-end=\"551\">Pierwsza bransoletka \u2013 delikatna kompozycja <strong>akwamarynu<\/strong>, <strong>agatu<\/strong>, <strong>hematytu<\/strong> oraz <strong>stali szlachetnej<\/strong> w kolorze z\u0142ota, zdobiona subtelnymi <strong>kryszta\u0142kami<\/strong>. Eleganckie i ponadczasowe po\u0142\u0105czenie.<\/p>\n<p class=\"\" style=\"text-align: center;\" data-start=\"553\" data-end=\"691\">Druga bransoletka \u2013 naturalne <strong>turkusy<\/strong>, <strong>magnezyt<\/strong>, <strong>kryszta\u0142ki<\/strong> i <strong>hematyt<\/strong>, tworz\u0105ce lekk\u0105 i harmonijn\u0105 ca\u0142o\u015b\u0107 inspirowan\u0105 natur\u0105.<\/p>\n<p class=\"\" style=\"text-align: center;\" data-start=\"693\" data-end=\"880\">Trzecia bransoletka \u2013 kontrastowa i wyrazista, wykonana z <strong>howlitu<\/strong>, <strong>lawy wulkanicznej<\/strong> i <strong>hematytu<\/strong> w odcieniu z\u0142ota. Dodaje kompletowi charakteru i podkre\u015bla jego unikalny styl.<\/p>\n<p class=\"\" style=\"text-align: center;\" data-start=\"882\" data-end=\"1085\">Bransoletki s\u0105 elastyczne, dzi\u0119ki czemu idealnie dopasowuj\u0105 si\u0119 do nadgarstka, zapewniaj\u0105c komfort noszenia. \u015awietnie sprawdz\u0105 si\u0119 zar\u00f3wno na co dzie\u0144, jak i jako elegancki dodatek na wyj\u0105tkowe okazje.<\/p>\n<h3 style=\"text-align: center;\"><strong>Informacja dotycz\u0105ca produkt\u00f3w wykonanych na \u017cy\u0142ce elastycznej:<\/strong><\/h3>\n<p style=\"text-align: center;\">Bransoletki z oferty standardowo s\u0105 wykonywane na nadgarstki o obwodach 16-18cm. Je\u017celi preferujesz inny rozmiar lub lu\u017aniejsze bransoletki, podaj t\u0119 informacj\u0119 w uwagach do zam\u00f3wienia. Dzi\u0119ki temu b\u0119d\u0119 mog\u0142a przygotowa\u0107 bransoletk\u0119 dostosowan\u0105 specjalnie do Ciebie, tak aby zapewni\u0107 Ci wygod\u0119 noszenia i idealne dopasowanie do nadgarstka.<\/p>\n","protected":false},"excerpt":{"rendered":"<p>akwamaryn, agat, magnezyt, turkus, kryszta\u0142, howlit, lawa wulkaniczna, hematyt z\u0142ocisty<\/p>\n","protected":false},"featured_media":277,"comment_status":"closed","ping_status":"closed","template":"","meta":[],"product_brand":[],"product_cat":[24,35],"product_tag":[21,41,22,44,40,45,42,34,43],"class_list":{"0":"post-275","1":"product","2":"type-product","3":"status-publish","4":"has-post-thumbnail","6":"product_cat-bransoletki","7":"product_cat-lato","8":"product_tag-agaty","9":"product_tag-akwamaryny","10":"product_tag-hematyty","11":"product_tag-howlity","12":"product_tag-krysztaly","13":"product_tag-lawa-wulkaniczna","14":"product_tag-magnezyty","15":"product_tag-stal-szlachetna","16":"product_tag-turkusy","18":"first","19":"onbackorder","20":"taxable","21":"shipping-taxable","22":"purchasable","23":"product-type-simple"},"jetpack_sharing_enabled":true,"_links":{"self":[{"href":"https:\/\/agaty-agaty.pl\/index.php\/wp-json\/wp\/v2\/product\/275","targetHints":{"allow":["GET"]}}],"collection":[{"href":"https:\/\/agaty-agaty.pl\/index.php\/wp-json\/wp\/v2\/product"}],"about":[{"href":"https:\/\/agaty-agaty.pl\/index.php\/wp-json\/wp\/v2\/types\/product"}],"replies":[{"embeddable":true,"href":"https:\/\/agaty-agaty.pl\/index.php\/wp-json\/wp\/v2\/comments?post=275"}],"wp:featuredmedia":[{"embeddable":true,"href":"https:\/\/agaty-agaty.pl\/index.php\/wp-json\/wp\/v2\/media\/277"}],"wp:attachment":[{"href":"https:\/\/agaty-agaty.pl\/index.php\/wp-json\/wp\/v2\/media?parent=275"}],"wp:term":[{"taxonomy":"product_brand","embeddable":true,"href":"https:\/\/agaty-agaty.pl\/index.php\/wp-json\/wp\/v2\/product_brand?post=275"},{"taxonomy":"product_cat","embeddable":true,"href":"https:\/\/agaty-agaty.pl\/index.php\/wp-json\/wp\/v2\/product_cat?post=275"},{"taxonomy":"product_tag","embeddable":true,"href":"https:\/\/agaty-agaty.pl\/index.php\/wp-json\/wp\/v2\/product_tag?post=275"}],"curies":[{"name":"wp","href":"https:\/\/api.w.org\/{rel}","templated":true}]}}