{"id":284,"date":"2025-04-03T11:22:51","date_gmt":"2025-04-03T11:22:51","guid":{"rendered":"https:\/\/agaty-agaty.pl\/?post_type=product&#038;p=284"},"modified":"2025-12-03T13:27:34","modified_gmt":"2025-12-03T12:27:34","slug":"bransoletka-letnia-harmonia-1","status":"publish","type":"product","link":"https:\/\/agaty-agaty.pl\/index.php\/produkt\/bransoletka-letnia-harmonia-1\/","title":{"rendered":"Bransoletka &#8222;Letnia harmonia&#8221; #1"},"content":{"rendered":"<p class=\"\" style=\"text-align: center;\" data-start=\"84\" data-end=\"350\">Delikatna i stylowa bransoletka z naturalnych kamieni, idealna dla os\u00f3b ceni\u0105cych subtelne dodatki i ponadczasow\u0105 elegancj\u0119. Po\u0142\u0105czenie <strong>turkus\u00f3w<\/strong>, <strong>kryszta\u0142\u00f3w<\/strong>, <strong>hematyt\u00f3w<\/strong> w odcieniu z\u0142ota oraz <strong>magnezytu<\/strong> tworzy wyj\u0105tkow\u0105 kompozycj\u0119 inspirowan\u0105 natur\u0105.<\/p>\n<p class=\"\" style=\"text-align: center;\" data-start=\"84\" data-end=\"350\">Idealnie podkre\u015bli Pa\u0144 z urod\u0105 typu wiosna lub <strong>lato<\/strong>.<\/p>\n<p class=\"\" style=\"text-align: center;\" data-start=\"882\" data-end=\"1085\">Bransoletka jest elastyczna, dzi\u0119ki czemu idealnie dopasowuje si\u0119 do nadgarstka, zapewniaj\u0105c komfort noszenia.<\/p>\n<p data-start=\"882\" data-end=\"1085\">\n<p data-start=\"882\" data-end=\"1085\">\n<h3 style=\"text-align: center;\"><strong>Informacja dotycz\u0105ca produkt\u00f3w wykonanych na \u017cy\u0142ce elastycznej:<\/strong><\/h3>\n<p style=\"text-align: center;\">Bransoletki z oferty standardowo s\u0105 wykonywane na nadgarstki o obwodach 16-18cm. Je\u017celi preferujesz inny rozmiar lub lu\u017aniejsze bransoletki, podaj t\u0119 informacj\u0119 w uwagach do zam\u00f3wienia. Dzi\u0119ki temu b\u0119d\u0119 mog\u0142a przygotowa\u0107 bransoletk\u0119 dostosowan\u0105 specjalnie do Ciebie, tak aby zapewni\u0107 Ci wygod\u0119 noszenia i idealne dopasowanie do nadgarstka.<\/p>\n","protected":false},"excerpt":{"rendered":"<p>magnezyt, turkus, kryszta\u0142, hematyt z\u0142ocisty<\/p>\n","protected":false},"featured_media":278,"comment_status":"closed","ping_status":"closed","template":"","meta":[],"product_brand":[],"product_cat":[24,35],"product_tag":[22,40,46,42,43],"class_list":{"0":"post-284","1":"product","2":"type-product","3":"status-publish","4":"has-post-thumbnail","6":"product_cat-bransoletki","7":"product_cat-lato","8":"product_tag-hematyty","9":"product_tag-krysztaly","10":"product_tag-lato","11":"product_tag-magnezyty","12":"product_tag-turkusy","14":"first","15":"onbackorder","16":"taxable","17":"shipping-taxable","18":"purchasable","19":"product-type-simple"},"jetpack_sharing_enabled":true,"_links":{"self":[{"href":"https:\/\/agaty-agaty.pl\/index.php\/wp-json\/wp\/v2\/product\/284","targetHints":{"allow":["GET"]}}],"collection":[{"href":"https:\/\/agaty-agaty.pl\/index.php\/wp-json\/wp\/v2\/product"}],"about":[{"href":"https:\/\/agaty-agaty.pl\/index.php\/wp-json\/wp\/v2\/types\/product"}],"replies":[{"embeddable":true,"href":"https:\/\/agaty-agaty.pl\/index.php\/wp-json\/wp\/v2\/comments?post=284"}],"wp:featuredmedia":[{"embeddable":true,"href":"https:\/\/agaty-agaty.pl\/index.php\/wp-json\/wp\/v2\/media\/278"}],"wp:attachment":[{"href":"https:\/\/agaty-agaty.pl\/index.php\/wp-json\/wp\/v2\/media?parent=284"}],"wp:term":[{"taxonomy":"product_brand","embeddable":true,"href":"https:\/\/agaty-agaty.pl\/index.php\/wp-json\/wp\/v2\/product_brand?post=284"},{"taxonomy":"product_cat","embeddable":true,"href":"https:\/\/agaty-agaty.pl\/index.php\/wp-json\/wp\/v2\/product_cat?post=284"},{"taxonomy":"product_tag","embeddable":true,"href":"https:\/\/agaty-agaty.pl\/index.php\/wp-json\/wp\/v2\/product_tag?post=284"}],"curies":[{"name":"wp","href":"https:\/\/api.w.org\/{rel}","templated":true}]}}