{"id":285,"date":"2025-04-03T11:28:49","date_gmt":"2025-04-03T11:28:49","guid":{"rendered":"https:\/\/agaty-agaty.pl\/?post_type=product&#038;p=285"},"modified":"2025-12-03T13:27:34","modified_gmt":"2025-12-03T12:27:34","slug":"bransoletka-letnia-harmonia-2","status":"publish","type":"product","link":"https:\/\/agaty-agaty.pl\/index.php\/produkt\/bransoletka-letnia-harmonia-2\/","title":{"rendered":"Bransoletka &#8222;Letnia harmonia&#8221; #3"},"content":{"rendered":"<p class=\"\" style=\"text-align: center;\" data-start=\"0\" data-end=\"434\">Bransoletka sk\u0142ada si\u0119 z subtelnie dobranych kamieni: <strong>akwamaryn\u00f3w<\/strong>, <strong>agat\u00f3w<\/strong> i <strong>hematyt\u00f3w z\u0142ocistych<\/strong>. Dodatkowym akcentem s\u0105 ozdoby ze <strong>stali szlachetnej<\/strong> w kolorze z\u0142ota wysadzane <strong>kryszta\u0142kami<\/strong>, kt\u00f3re pi\u0119knie odbijaj\u0105 \u015bwiat\u0142o, nadaj\u0105c bransoletce wyj\u0105tkowego po\u0142ysku.<\/p>\n<p class=\"\" style=\"text-align: center;\" data-start=\"0\" data-end=\"434\">Idealnie podkre\u015bli Pa\u0144 z urod\u0105 typu wiosna lub <strong>lato, <\/strong>ale wsp\u00f3\u0142gra r\u00f3wnie\u017c z kolorystyk\u0105 <strong>wiosny<\/strong>.<\/p>\n<p class=\"\" style=\"text-align: center;\" data-start=\"736\" data-end=\"903\">To bi\u017cuteria idealna zar\u00f3wno na co dzie\u0144, jak i na specjalne okazje \u2013 doskona\u0142a na prezent lub jako elegancka ozdoba, kt\u00f3ra b\u0119dzie podkre\u015bla\u0107 Twoj\u0105 unikaln\u0105 osobowo\u015b\u0107.<\/p>\n<p class=\"\" style=\"text-align: center;\" data-start=\"882\" data-end=\"1085\">Bransoletka jest elastyczna, dzi\u0119ki czemu idealnie dopasowuje si\u0119 do nadgarstka, zapewniaj\u0105c komfort noszenia.<\/p>\n<p data-start=\"882\" data-end=\"1085\">\n<p data-start=\"882\" data-end=\"1085\">\n<h3 style=\"text-align: center;\"><strong>Informacja dotycz\u0105ca produkt\u00f3w wykonanych na \u017cy\u0142ce elastycznej:<\/strong><\/h3>\n<p style=\"text-align: center;\">Bransoletki z oferty standardowo s\u0105 wykonywane na nadgarstki o obwodach 16-18cm. Je\u017celi preferujesz inny rozmiar lub lu\u017aniejsze bransoletki, podaj t\u0119 informacj\u0119 w uwagach do zam\u00f3wienia. Dzi\u0119ki temu b\u0119d\u0119 mog\u0142a przygotowa\u0107 bransoletk\u0119 dostosowan\u0105 specjalnie do Ciebie, tak aby zapewni\u0107 Ci wygod\u0119 noszenia i idealne dopasowanie do nadgarstka.<\/p>\n","protected":false},"excerpt":{"rendered":"<p>agat, akwamaryn,\u00a0 hematyt z\u0142ocisty<\/p>\n","protected":false},"featured_media":276,"comment_status":"closed","ping_status":"closed","template":"","meta":[],"product_brand":[],"product_cat":[24,35,47],"product_tag":[21,41,22,40,46,34,32],"class_list":{"0":"post-285","1":"product","2":"type-product","3":"status-publish","4":"has-post-thumbnail","6":"product_cat-bransoletki","7":"product_cat-lato","8":"product_cat-wiosna","9":"product_tag-agaty","10":"product_tag-akwamaryny","11":"product_tag-hematyty","12":"product_tag-krysztaly","13":"product_tag-lato","14":"product_tag-stal-szlachetna","15":"product_tag-wiosna","17":"first","18":"onbackorder","19":"taxable","20":"shipping-taxable","21":"purchasable","22":"product-type-simple"},"jetpack_sharing_enabled":true,"_links":{"self":[{"href":"https:\/\/agaty-agaty.pl\/index.php\/wp-json\/wp\/v2\/product\/285","targetHints":{"allow":["GET"]}}],"collection":[{"href":"https:\/\/agaty-agaty.pl\/index.php\/wp-json\/wp\/v2\/product"}],"about":[{"href":"https:\/\/agaty-agaty.pl\/index.php\/wp-json\/wp\/v2\/types\/product"}],"replies":[{"embeddable":true,"href":"https:\/\/agaty-agaty.pl\/index.php\/wp-json\/wp\/v2\/comments?post=285"}],"wp:featuredmedia":[{"embeddable":true,"href":"https:\/\/agaty-agaty.pl\/index.php\/wp-json\/wp\/v2\/media\/276"}],"wp:attachment":[{"href":"https:\/\/agaty-agaty.pl\/index.php\/wp-json\/wp\/v2\/media?parent=285"}],"wp:term":[{"taxonomy":"product_brand","embeddable":true,"href":"https:\/\/agaty-agaty.pl\/index.php\/wp-json\/wp\/v2\/product_brand?post=285"},{"taxonomy":"product_cat","embeddable":true,"href":"https:\/\/agaty-agaty.pl\/index.php\/wp-json\/wp\/v2\/product_cat?post=285"},{"taxonomy":"product_tag","embeddable":true,"href":"https:\/\/agaty-agaty.pl\/index.php\/wp-json\/wp\/v2\/product_tag?post=285"}],"curies":[{"name":"wp","href":"https:\/\/api.w.org\/{rel}","templated":true}]}}