{"id":311,"date":"2025-04-10T14:55:43","date_gmt":"2025-04-10T14:55:43","guid":{"rendered":"https:\/\/agaty-agaty.pl\/?post_type=product&#038;p=311"},"modified":"2025-12-03T13:13:50","modified_gmt":"2025-12-03T12:13:50","slug":"bransoletka-mala-czarna-2","status":"publish","type":"product","link":"https:\/\/agaty-agaty.pl\/index.php\/produkt\/bransoletka-mala-czarna-2\/","title":{"rendered":"Bransoletka &#8222;Ma\u0142a czarna&#8221; #2"},"content":{"rendered":"<p class=\"\" style=\"text-align: center;\" data-start=\"352\" data-end=\"551\">Elegancka bransoletka stworzona z naturalnych <strong>onyks\u00f3w<\/strong> oraz <strong>z\u0142ocistych hematyt\u00f3w<\/strong>. Po\u0142\u0105czenie tych dw\u00f3ch kamieni tworzy subteln\u0105, ale jednocze\u015bnie wyrazist\u0105 bi\u017cuteri\u0119.<\/p>\n<p style=\"text-align: center;\" data-start=\"352\" data-end=\"551\">Eleganckie po\u0142\u0105czenie g\u0142\u0119bokiej czerni i subtelnego blasku z\u0142ota sprawia, \u017ce bransoletka doskonale podkre\u015bla urod\u0119 typu <strong data-start=\"389\" data-end=\"397\">zima<br \/>\n<\/strong> \u2013 idealna dla os\u00f3b o ch\u0142odnym typie kolorystycznym i wyrazistej urodzie.<\/p>\n<p class=\"\" style=\"text-align: center;\" data-start=\"882\" data-end=\"1085\">Bransoletka posiada solidny karabi\u0144czyk, kt\u00f3ry nie tylko \u015bwietnie wygl\u0105da, ale gwarantuje pewne i trwa\u0142e zapi\u0119cie.<\/p>\n<h3 style=\"text-align: center;\"><strong>Informacja dotycz\u0105ca produkt\u00f3w zapinanych:<\/strong><\/h3>\n<p style=\"text-align: center;\">Bransoletki z oferty standardowo s\u0105 wykonywane na nadgarstki o obwodach 16-18cm. Je\u017celi preferujesz inny rozmiar lub inny rodzaj zapi\u0119cia, podaj t\u0119 informacj\u0119 w uwagach do zam\u00f3wienia. Dzi\u0119ki temu b\u0119d\u0119 mog\u0142a przygotowa\u0107 bransoletk\u0119 dostosowan\u0105 specjalnie do Ciebie, tak aby zapewni\u0107 Ci wygod\u0119 noszenia i idealne dopasowanie do nadgarstka.<\/p>\n","protected":false},"excerpt":{"rendered":"<p>onyks, hematyt z\u0142ocisty<\/p>\n","protected":false},"featured_media":368,"comment_status":"closed","ping_status":"closed","template":"","meta":[],"product_brand":[],"product_cat":[24,48],"product_tag":[22,49,34],"class_list":{"0":"post-311","1":"product","2":"type-product","3":"status-publish","4":"has-post-thumbnail","6":"product_cat-bransoletki","7":"product_cat-zima","8":"product_tag-hematyty","9":"product_tag-onyksy","10":"product_tag-stal-szlachetna","12":"first","13":"onbackorder","14":"taxable","15":"shipping-taxable","16":"purchasable","17":"product-type-simple"},"jetpack_sharing_enabled":true,"_links":{"self":[{"href":"https:\/\/agaty-agaty.pl\/index.php\/wp-json\/wp\/v2\/product\/311","targetHints":{"allow":["GET"]}}],"collection":[{"href":"https:\/\/agaty-agaty.pl\/index.php\/wp-json\/wp\/v2\/product"}],"about":[{"href":"https:\/\/agaty-agaty.pl\/index.php\/wp-json\/wp\/v2\/types\/product"}],"replies":[{"embeddable":true,"href":"https:\/\/agaty-agaty.pl\/index.php\/wp-json\/wp\/v2\/comments?post=311"}],"wp:featuredmedia":[{"embeddable":true,"href":"https:\/\/agaty-agaty.pl\/index.php\/wp-json\/wp\/v2\/media\/368"}],"wp:attachment":[{"href":"https:\/\/agaty-agaty.pl\/index.php\/wp-json\/wp\/v2\/media?parent=311"}],"wp:term":[{"taxonomy":"product_brand","embeddable":true,"href":"https:\/\/agaty-agaty.pl\/index.php\/wp-json\/wp\/v2\/product_brand?post=311"},{"taxonomy":"product_cat","embeddable":true,"href":"https:\/\/agaty-agaty.pl\/index.php\/wp-json\/wp\/v2\/product_cat?post=311"},{"taxonomy":"product_tag","embeddable":true,"href":"https:\/\/agaty-agaty.pl\/index.php\/wp-json\/wp\/v2\/product_tag?post=311"}],"curies":[{"name":"wp","href":"https:\/\/api.w.org\/{rel}","templated":true}]}}