{"id":370,"date":"2025-04-19T05:24:29","date_gmt":"2025-04-19T03:24:29","guid":{"rendered":"https:\/\/agaty-agaty.pl\/?post_type=product&#038;p=370"},"modified":"2025-12-03T13:13:50","modified_gmt":"2025-12-03T12:13:50","slug":"komplet-4-bransoletek-mala-czarna-2","status":"publish","type":"product","link":"https:\/\/agaty-agaty.pl\/index.php\/produkt\/komplet-4-bransoletek-mala-czarna-2\/","title":{"rendered":"Komplet 4 bransoletek &#8222;Ma\u0142a czarna&#8221; #2"},"content":{"rendered":"<p class=\"\" style=\"text-align: center;\" data-start=\"84\" data-end=\"350\">Stylowy zestaw bransoletek wykonanych z naturalnych <strong>onyks\u00f3w<\/strong>, <strong>agat\u00f3w<\/strong>, <strong>z\u0142ocistego hematytu <\/strong>oraz <strong>stali szlachetnej<\/strong>.<\/p>\n<p class=\"\" style=\"text-align: center;\" data-start=\"84\" data-end=\"350\">Eleganckie po\u0142\u0105czenie g\u0142\u0119bokiej czerni i subtelnego blasku z\u0142ota sprawia, \u017ce komplet doskonale podkre\u015bla urod\u0119 typu <strong data-start=\"389\" data-end=\"397\">zima<br \/>\n<\/strong> \u2013 idealny dla os\u00f3b o ch\u0142odnym typie kolorystycznym i wyrazistej urodzie.<\/p>\n<p class=\"\" style=\"text-align: center;\" data-start=\"352\" data-end=\"551\">Pierwsza bransoletka \u2013\u00a0stworzona z naturalnych <strong>onyks\u00f3w<\/strong> oraz <strong>z\u0142ocistych hematyt\u00f3w<\/strong>.<\/p>\n<p class=\"\" style=\"text-align: center;\" data-start=\"553\" data-end=\"691\">Dwie pozosta\u0142e bransoletki \u2013 kompozycja <strong>agat\u00f3w <\/strong>z geometrycznymi ozdobami ze <strong>stali szlachetnej <\/strong>w kolorze z\u0142ota.<\/p>\n<p class=\"\" style=\"text-align: center;\" data-start=\"882\" data-end=\"1085\">Bransoletki s\u0105 elastyczne, dzi\u0119ki czemu idealnie dopasowuj\u0105 si\u0119 do nadgarstka, zapewniaj\u0105c komfort noszenia. \u015awietnie sprawdz\u0105 si\u0119 zar\u00f3wno na co dzie\u0144, jak i jako elegancki dodatek na wyj\u0105tkowe okazje.<\/p>\n<h3 style=\"text-align: center;\"><strong>Informacja dotycz\u0105ca produkt\u00f3w wykonanych na \u017cy\u0142ce elastycznej:<\/strong><\/h3>\n<p style=\"text-align: center;\">Bransoletki z oferty standardowo s\u0105 wykonywane na nadgarstki o obwodach 16-18cm. Je\u017celi preferujesz inny rozmiar lub lu\u017aniejsze bransoletki, podaj t\u0119 informacj\u0119 w uwagach do zam\u00f3wienia. Dzi\u0119ki temu b\u0119d\u0119 mog\u0142a przygotowa\u0107 bransoletk\u0119 dostosowan\u0105 specjalnie do Ciebie, tak aby zapewni\u0107 Ci wygod\u0119 noszenia i idealne dopasowanie do nadgarstka.<\/p>\n<div style=\"width: 1080px;\" class=\"wp-video\"><video class=\"wp-video-shortcode\" id=\"video-370-1\" width=\"1080\" height=\"1080\" preload=\"metadata\" controls=\"controls\"><source type=\"video\/mp4\" src=\"http:\/\/agaty-agaty.pl\/wp-content\/uploads\/2025\/04\/20.-Komplet-Mala-czarna-2-filmik.mp4?_=1\" \/><a href=\"http:\/\/agaty-agaty.pl\/wp-content\/uploads\/2025\/04\/20.-Komplet-Mala-czarna-2-filmik.mp4\">http:\/\/agaty-agaty.pl\/wp-content\/uploads\/2025\/04\/20.-Komplet-Mala-czarna-2-filmik.mp4<\/a><\/video><\/div>\n","protected":false},"excerpt":{"rendered":"<p>agat, onyks, hematyt z\u0142ocisty<\/p>\n","protected":false},"featured_media":371,"comment_status":"closed","ping_status":"closed","template":"","meta":[],"product_brand":[],"product_cat":[24,48],"product_tag":[21,22,49,34],"class_list":{"0":"post-370","1":"product","2":"type-product","3":"status-publish","4":"has-post-thumbnail","6":"product_cat-bransoletki","7":"product_cat-zima","8":"product_tag-agaty","9":"product_tag-hematyty","10":"product_tag-onyksy","11":"product_tag-stal-szlachetna","13":"first","14":"onbackorder","15":"taxable","16":"shipping-taxable","17":"purchasable","18":"product-type-simple"},"jetpack_sharing_enabled":true,"_links":{"self":[{"href":"https:\/\/agaty-agaty.pl\/index.php\/wp-json\/wp\/v2\/product\/370","targetHints":{"allow":["GET"]}}],"collection":[{"href":"https:\/\/agaty-agaty.pl\/index.php\/wp-json\/wp\/v2\/product"}],"about":[{"href":"https:\/\/agaty-agaty.pl\/index.php\/wp-json\/wp\/v2\/types\/product"}],"replies":[{"embeddable":true,"href":"https:\/\/agaty-agaty.pl\/index.php\/wp-json\/wp\/v2\/comments?post=370"}],"wp:featuredmedia":[{"embeddable":true,"href":"https:\/\/agaty-agaty.pl\/index.php\/wp-json\/wp\/v2\/media\/371"}],"wp:attachment":[{"href":"https:\/\/agaty-agaty.pl\/index.php\/wp-json\/wp\/v2\/media?parent=370"}],"wp:term":[{"taxonomy":"product_brand","embeddable":true,"href":"https:\/\/agaty-agaty.pl\/index.php\/wp-json\/wp\/v2\/product_brand?post=370"},{"taxonomy":"product_cat","embeddable":true,"href":"https:\/\/agaty-agaty.pl\/index.php\/wp-json\/wp\/v2\/product_cat?post=370"},{"taxonomy":"product_tag","embeddable":true,"href":"https:\/\/agaty-agaty.pl\/index.php\/wp-json\/wp\/v2\/product_tag?post=370"}],"curies":[{"name":"wp","href":"https:\/\/api.w.org\/{rel}","templated":true}]}}