{"id":415,"date":"2025-04-20T08:55:37","date_gmt":"2025-04-20T06:55:37","guid":{"rendered":"https:\/\/agaty-agaty.pl\/?post_type=product&#038;p=415"},"modified":"2025-12-03T13:13:50","modified_gmt":"2025-12-03T12:13:50","slug":"komplet-2-bransoletek-hematyty-zlociste","status":"publish","type":"product","link":"https:\/\/agaty-agaty.pl\/index.php\/produkt\/komplet-2-bransoletek-hematyty-zlociste\/","title":{"rendered":"Komplet 2 bransoletek &#8222;Hematyty z\u0142ociste&#8221;"},"content":{"rendered":"<p class=\"\" style=\"text-align: center;\" data-start=\"352\" data-end=\"551\">Komplet bransoletek z <strong>hematyt\u00f3w <\/strong>w kolorze z\u0142ota i ze stonowanym dodatkiem z <strong>naturalnej per\u0142y<\/strong> sprawdzi si\u0119 jako minimalistyczny akcent, ale ich subtelny blask b\u0119dzie doskona\u0142ym uzupe\u0142nieniem r\u00f3wnie\u017c innych zestaw\u00f3w, kt\u00f3re ju\u017c masz w swojej kolekcji.<br \/>\nDelikatnie odbija \u015bwiat\u0142o, wprowadzaj\u0105c nut\u0119 luksusu i elegancji.<\/p>\n<p style=\"text-align: center;\" data-start=\"352\" data-end=\"551\">Uniwersalne pi\u0119kno per\u0142y i hematyt\u00f3w nadaje si\u0119 do <strong>ka\u017cdego typu urody<\/strong>.<\/p>\n<p class=\"\" style=\"text-align: center;\" data-start=\"882\" data-end=\"1085\">Bransoletki s\u0105 elastyczna, dzi\u0119ki czemu idealnie dopasowuj\u0105 si\u0119 do nadgarstka, zapewniaj\u0105c komfort noszenia.<\/p>\n<h3 style=\"text-align: center;\"><strong>Informacja dotycz\u0105ca produkt\u00f3w wykonanych na \u017cy\u0142ce elastycznej:<\/strong><\/h3>\n<p style=\"text-align: center;\">Bransoletki z oferty standardowo s\u0105 wykonywane na nadgarstki o obwodach 16-18cm. Je\u017celi preferujesz inny rozmiar lub lu\u017aniejsze bransoletki, podaj t\u0119 informacj\u0119 w uwagach do zam\u00f3wienia. Dzi\u0119ki temu b\u0119d\u0119 mog\u0142a przygotowa\u0107 bransoletk\u0119 dostosowan\u0105 specjalnie do Ciebie, tak aby zapewni\u0107 Ci wygod\u0119 noszenia i idealne dopasowanie do nadgarstka.<\/p>\n","protected":false},"excerpt":{"rendered":"<p>hematyt, per\u0142a naturalna<\/p>\n","protected":false},"featured_media":416,"comment_status":"closed","ping_status":"closed","template":"","meta":[],"product_brand":[],"product_cat":[24,50,35,47,48],"product_tag":[22,52],"class_list":{"0":"post-415","1":"product","2":"type-product","3":"status-publish","4":"has-post-thumbnail","6":"product_cat-bransoletki","7":"product_cat-jesien","8":"product_cat-lato","9":"product_cat-wiosna","10":"product_cat-zima","11":"product_tag-hematyty","12":"product_tag-perly","14":"first","15":"onbackorder","16":"taxable","17":"shipping-taxable","18":"purchasable","19":"product-type-simple"},"jetpack_sharing_enabled":true,"_links":{"self":[{"href":"https:\/\/agaty-agaty.pl\/index.php\/wp-json\/wp\/v2\/product\/415","targetHints":{"allow":["GET"]}}],"collection":[{"href":"https:\/\/agaty-agaty.pl\/index.php\/wp-json\/wp\/v2\/product"}],"about":[{"href":"https:\/\/agaty-agaty.pl\/index.php\/wp-json\/wp\/v2\/types\/product"}],"replies":[{"embeddable":true,"href":"https:\/\/agaty-agaty.pl\/index.php\/wp-json\/wp\/v2\/comments?post=415"}],"wp:featuredmedia":[{"embeddable":true,"href":"https:\/\/agaty-agaty.pl\/index.php\/wp-json\/wp\/v2\/media\/416"}],"wp:attachment":[{"href":"https:\/\/agaty-agaty.pl\/index.php\/wp-json\/wp\/v2\/media?parent=415"}],"wp:term":[{"taxonomy":"product_brand","embeddable":true,"href":"https:\/\/agaty-agaty.pl\/index.php\/wp-json\/wp\/v2\/product_brand?post=415"},{"taxonomy":"product_cat","embeddable":true,"href":"https:\/\/agaty-agaty.pl\/index.php\/wp-json\/wp\/v2\/product_cat?post=415"},{"taxonomy":"product_tag","embeddable":true,"href":"https:\/\/agaty-agaty.pl\/index.php\/wp-json\/wp\/v2\/product_tag?post=415"}],"curies":[{"name":"wp","href":"https:\/\/api.w.org\/{rel}","templated":true}]}}