{"id":417,"date":"2025-04-20T09:09:00","date_gmt":"2025-04-20T07:09:00","guid":{"rendered":"https:\/\/agaty-agaty.pl\/?post_type=product&#038;p=417"},"modified":"2025-12-03T13:13:49","modified_gmt":"2025-12-03T12:13:49","slug":"bransoletka-dotyk-wiosny-3","status":"publish","type":"product","link":"https:\/\/agaty-agaty.pl\/index.php\/produkt\/bransoletka-dotyk-wiosny-3\/","title":{"rendered":"Bransoletka &#8222;Dotyk wiosny&#8221; #3"},"content":{"rendered":"<p class=\"\" style=\"text-align: center;\" data-start=\"136\" data-end=\"349\">Wyj\u0105tkowe po\u0142\u0105czenie z\u0142ocistych<strong data-start=\"204\" data-end=\"237\"> hematyt\u00f3w<\/strong>\u00a0z kremowymi i r\u00f3\u017cowymi<strong data-start=\"240\" data-end=\"286\"> aventurynami<\/strong>\u00a0tworzy subteln\u0105 i kobiec\u0105 kompozycj\u0119, idealn\u0105 na ka\u017cd\u0105 okazj\u0119.<\/p>\n<p class=\"\" style=\"text-align: center;\" data-start=\"351\" data-end=\"535\">Delikatna kolorystyka doskonale podkre\u015bla urod\u0119 typu <strong data-start=\"404\" data-end=\"414\">Wiosna<\/strong> \u2013 ciep\u0142e odcienie kamieni harmonizuj\u0105 z jasn\u0105 cer\u0105, z\u0142otawymi refleksami we w\u0142osach i naturaln\u0105 promienno\u015bci\u0105 tego typu.<\/p>\n<p class=\"\" style=\"text-align: center;\" data-start=\"537\" data-end=\"654\">To elegancki, ale nienachalny dodatek, kt\u00f3ry doda stylu zar\u00f3wno casualowym, jak i bardziej wyrafinowanym stylizacjom.<\/p>\n<h4 style=\"text-align: center;\"><strong>Informacja dotycz\u0105ca produkt\u00f3w wykonanych na \u017cy\u0142ce elastycznej:<\/strong><\/h4>\n<p style=\"text-align: center;\">Bransoletki z oferty standardowo s\u0105 wykonywane na nadgarstki o obwodach 16-18cm. Je\u017celi preferujesz inny rozmiar lub lu\u017aniejsze bransoletki, podaj t\u0119 informacj\u0119 w uwagach do zam\u00f3wienia. Dzi\u0119ki temu b\u0119d\u0119 mog\u0142a przygotowa\u0107 bransoletk\u0119 dostosowan\u0105 specjalnie do Ciebie, tak aby zapewni\u0107 Ci wygod\u0119 noszenia i idealne dopasowanie do nadgarstka.<\/p>\n","protected":false},"excerpt":{"rendered":"<p>hematyt z\u0142ocisty, aventuryn<\/p>\n","protected":false},"featured_media":418,"comment_status":"closed","ping_status":"closed","template":"","meta":[],"product_brand":[],"product_cat":[24,47],"product_tag":[53,22,32],"class_list":{"0":"post-417","1":"product","2":"type-product","3":"status-publish","4":"has-post-thumbnail","6":"product_cat-bransoletki","7":"product_cat-wiosna","8":"product_tag-aventuryny","9":"product_tag-hematyty","10":"product_tag-wiosna","12":"first","13":"onbackorder","14":"taxable","15":"shipping-taxable","16":"purchasable","17":"product-type-simple"},"jetpack_sharing_enabled":true,"_links":{"self":[{"href":"https:\/\/agaty-agaty.pl\/index.php\/wp-json\/wp\/v2\/product\/417","targetHints":{"allow":["GET"]}}],"collection":[{"href":"https:\/\/agaty-agaty.pl\/index.php\/wp-json\/wp\/v2\/product"}],"about":[{"href":"https:\/\/agaty-agaty.pl\/index.php\/wp-json\/wp\/v2\/types\/product"}],"replies":[{"embeddable":true,"href":"https:\/\/agaty-agaty.pl\/index.php\/wp-json\/wp\/v2\/comments?post=417"}],"wp:featuredmedia":[{"embeddable":true,"href":"https:\/\/agaty-agaty.pl\/index.php\/wp-json\/wp\/v2\/media\/418"}],"wp:attachment":[{"href":"https:\/\/agaty-agaty.pl\/index.php\/wp-json\/wp\/v2\/media?parent=417"}],"wp:term":[{"taxonomy":"product_brand","embeddable":true,"href":"https:\/\/agaty-agaty.pl\/index.php\/wp-json\/wp\/v2\/product_brand?post=417"},{"taxonomy":"product_cat","embeddable":true,"href":"https:\/\/agaty-agaty.pl\/index.php\/wp-json\/wp\/v2\/product_cat?post=417"},{"taxonomy":"product_tag","embeddable":true,"href":"https:\/\/agaty-agaty.pl\/index.php\/wp-json\/wp\/v2\/product_tag?post=417"}],"curies":[{"name":"wp","href":"https:\/\/api.w.org\/{rel}","templated":true}]}}