{"id":421,"date":"2025-04-20T09:35:25","date_gmt":"2025-04-20T07:35:25","guid":{"rendered":"https:\/\/agaty-agaty.pl\/?post_type=product&#038;p=421"},"modified":"2025-12-03T13:13:49","modified_gmt":"2025-12-03T12:13:49","slug":"bransoletka-dotyk-wiosny-4","status":"publish","type":"product","link":"https:\/\/agaty-agaty.pl\/index.php\/produkt\/bransoletka-dotyk-wiosny-4\/","title":{"rendered":"Bransoletka &#8222;Dotyk Wiosny&#8221; #4"},"content":{"rendered":"<p class=\"\" style=\"text-align: center;\" data-start=\"118\" data-end=\"368\">Delikatna i kobieca bransoletka \u0142\u0105czy l\u015bni\u0105ce <strong>kryszta\u0142ki<\/strong> z ozdobami ze <strong>stali szlachetnej<\/strong>, tworz\u0105c lekk\u0105 kompozycj\u0119, kt\u00f3ra pi\u0119knie dope\u0142nia codzienne i bardziej eleganckie stylizacje.<\/p>\n<p class=\"\" style=\"text-align: center;\" data-start=\"370\" data-end=\"605\">Harmonijne zestawienie kolor\u00f3w sprawia, \u017ce \u015bwietnie pasuje do typu urody <strong data-start=\"443\" data-end=\"453\">Wiosna<\/strong>, podkre\u015blaj\u0105c jej \u015bwie\u017co\u015b\u0107 i naturalne ciep\u0142o.<br \/>\nDoskonale sprawdzi si\u0119 r\u00f3wnie\u017c u kobiet o typie <strong data-start=\"549\" data-end=\"559\">Jesie\u0144<\/strong>, dodaj\u0105c blasku i mi\u0119kko\u015bci ich palecie barw.<\/p>\n<h4 style=\"text-align: center;\"><strong>Informacja dotycz\u0105ca produkt\u00f3w wykonanych na \u017cy\u0142ce elastycznej:<\/strong><\/h4>\n<p style=\"text-align: center;\">Bransoletki z oferty standardowo s\u0105 wykonywane na nadgarstki o obwodach 16-18cm. Je\u017celi preferujesz inny rozmiar lub lu\u017aniejsze bransoletki, podaj t\u0119 informacj\u0119 w uwagach do zam\u00f3wienia. Dzi\u0119ki temu b\u0119d\u0119 mog\u0142a przygotowa\u0107 bransoletk\u0119 dostosowan\u0105 specjalnie do Ciebie, tak aby zapewni\u0107 Ci wygod\u0119 noszenia i idealne dopasowanie do nadgarstka.<\/p>\n","protected":false},"excerpt":{"rendered":"<p>kryszta\u0142y, stal szlachetna<\/p>\n","protected":false},"featured_media":422,"comment_status":"closed","ping_status":"closed","template":"","meta":[],"product_brand":[],"product_cat":[24,50,47],"product_tag":[27,40,34,32],"class_list":{"0":"post-421","1":"product","2":"type-product","3":"status-publish","4":"has-post-thumbnail","6":"product_cat-bransoletki","7":"product_cat-jesien","8":"product_cat-wiosna","9":"product_tag-jesien","10":"product_tag-krysztaly","11":"product_tag-stal-szlachetna","12":"product_tag-wiosna","14":"first","15":"onbackorder","16":"taxable","17":"shipping-taxable","18":"purchasable","19":"product-type-simple"},"jetpack_sharing_enabled":true,"_links":{"self":[{"href":"https:\/\/agaty-agaty.pl\/index.php\/wp-json\/wp\/v2\/product\/421","targetHints":{"allow":["GET"]}}],"collection":[{"href":"https:\/\/agaty-agaty.pl\/index.php\/wp-json\/wp\/v2\/product"}],"about":[{"href":"https:\/\/agaty-agaty.pl\/index.php\/wp-json\/wp\/v2\/types\/product"}],"replies":[{"embeddable":true,"href":"https:\/\/agaty-agaty.pl\/index.php\/wp-json\/wp\/v2\/comments?post=421"}],"wp:featuredmedia":[{"embeddable":true,"href":"https:\/\/agaty-agaty.pl\/index.php\/wp-json\/wp\/v2\/media\/422"}],"wp:attachment":[{"href":"https:\/\/agaty-agaty.pl\/index.php\/wp-json\/wp\/v2\/media?parent=421"}],"wp:term":[{"taxonomy":"product_brand","embeddable":true,"href":"https:\/\/agaty-agaty.pl\/index.php\/wp-json\/wp\/v2\/product_brand?post=421"},{"taxonomy":"product_cat","embeddable":true,"href":"https:\/\/agaty-agaty.pl\/index.php\/wp-json\/wp\/v2\/product_cat?post=421"},{"taxonomy":"product_tag","embeddable":true,"href":"https:\/\/agaty-agaty.pl\/index.php\/wp-json\/wp\/v2\/product_tag?post=421"}],"curies":[{"name":"wp","href":"https:\/\/api.w.org\/{rel}","templated":true}]}}