{"id":425,"date":"2025-04-20T10:21:38","date_gmt":"2025-04-20T08:21:38","guid":{"rendered":"https:\/\/agaty-agaty.pl\/?post_type=product&#038;p=425"},"modified":"2025-12-03T13:13:49","modified_gmt":"2025-12-03T12:13:49","slug":"bransoletka-dotyk-wiosny-5","status":"publish","type":"product","link":"https:\/\/agaty-agaty.pl\/index.php\/produkt\/bransoletka-dotyk-wiosny-5\/","title":{"rendered":"Bransoletka &#8222;Dotyk Wiosny&#8221; #5"},"content":{"rendered":"<p class=\"\" style=\"text-align: center;\" data-start=\"118\" data-end=\"368\">Naturalna elegancja w subtelnym wydaniu. Ta bransoletka to harmonijne po\u0142\u0105czenie <strong data-start=\"269\" data-end=\"286\">jaspis\u00f3w kiwi<\/strong>, <strong data-start=\"288\" data-end=\"310\">delikatnych agat\u00f3w<\/strong> i <strong data-start=\"313\" data-end=\"355\">b\u0142yszcz\u0105cego hematytu <\/strong>w odcieniu z\u0142ota. Jej stonowana, ciep\u0142a kolorystyka sprawia, \u017ce doskonale wpisuje si\u0119 w codzienne stylizacje, dodaj\u0105c im lekko\u015bci i klasy.<\/p>\n<p class=\"\" style=\"text-align: center;\" data-start=\"370\" data-end=\"605\">Harmonijne zestawienie kolor\u00f3w sprawia, \u017ce \u015bwietnie pasuje do typu urody <strong data-start=\"443\" data-end=\"453\">Wiosna<\/strong>, podkre\u015blaj\u0105c jej \u015bwie\u017co\u015b\u0107 i naturalne ciep\u0142o.<\/p>\n<p data-start=\"370\" data-end=\"605\">\n<p data-start=\"370\" data-end=\"605\">\n<h4 style=\"text-align: center;\"><strong>Informacja dotycz\u0105ca produkt\u00f3w wykonanych na \u017cy\u0142ce elastycznej:<\/strong><\/h4>\n<p style=\"text-align: center;\">Bransoletki z oferty standardowo s\u0105 wykonywane na nadgarstki o obwodach 16-18cm. Je\u017celi preferujesz inny rozmiar lub lu\u017aniejsze bransoletki, podaj t\u0119 informacj\u0119 w uwagach do zam\u00f3wienia. Dzi\u0119ki temu b\u0119d\u0119 mog\u0142a przygotowa\u0107 bransoletk\u0119 dostosowan\u0105 specjalnie do Ciebie, tak aby zapewni\u0107 Ci wygod\u0119 noszenia i idealne dopasowanie do nadgarstka.<\/p>\n","protected":false},"excerpt":{"rendered":"<p>jaspis kiwi, agat crazy, hematyt z\u0142ocisty<\/p>\n","protected":false},"featured_media":426,"comment_status":"closed","ping_status":"closed","template":"","meta":[],"product_brand":[],"product_cat":[24,50,47],"product_tag":[29,30,22,28,34,32],"class_list":{"0":"post-425","1":"product","2":"type-product","3":"status-publish","4":"has-post-thumbnail","6":"product_cat-bransoletki","7":"product_cat-jesien","8":"product_cat-wiosna","9":"product_tag-agat-crazy","10":"product_tag-ceramika","11":"product_tag-hematyty","12":"product_tag-jaspis-kiwi","13":"product_tag-stal-szlachetna","14":"product_tag-wiosna","16":"first","17":"onbackorder","18":"taxable","19":"shipping-taxable","20":"purchasable","21":"product-type-simple"},"jetpack_sharing_enabled":true,"_links":{"self":[{"href":"https:\/\/agaty-agaty.pl\/index.php\/wp-json\/wp\/v2\/product\/425","targetHints":{"allow":["GET"]}}],"collection":[{"href":"https:\/\/agaty-agaty.pl\/index.php\/wp-json\/wp\/v2\/product"}],"about":[{"href":"https:\/\/agaty-agaty.pl\/index.php\/wp-json\/wp\/v2\/types\/product"}],"replies":[{"embeddable":true,"href":"https:\/\/agaty-agaty.pl\/index.php\/wp-json\/wp\/v2\/comments?post=425"}],"wp:featuredmedia":[{"embeddable":true,"href":"https:\/\/agaty-agaty.pl\/index.php\/wp-json\/wp\/v2\/media\/426"}],"wp:attachment":[{"href":"https:\/\/agaty-agaty.pl\/index.php\/wp-json\/wp\/v2\/media?parent=425"}],"wp:term":[{"taxonomy":"product_brand","embeddable":true,"href":"https:\/\/agaty-agaty.pl\/index.php\/wp-json\/wp\/v2\/product_brand?post=425"},{"taxonomy":"product_cat","embeddable":true,"href":"https:\/\/agaty-agaty.pl\/index.php\/wp-json\/wp\/v2\/product_cat?post=425"},{"taxonomy":"product_tag","embeddable":true,"href":"https:\/\/agaty-agaty.pl\/index.php\/wp-json\/wp\/v2\/product_tag?post=425"}],"curies":[{"name":"wp","href":"https:\/\/api.w.org\/{rel}","templated":true}]}}