{"id":429,"date":"2025-04-20T10:33:52","date_gmt":"2025-04-20T08:33:52","guid":{"rendered":"https:\/\/agaty-agaty.pl\/?post_type=product&#038;p=429"},"modified":"2025-12-03T13:13:49","modified_gmt":"2025-12-03T12:13:49","slug":"komplet-3-bransoletek-dotyk-wiosny","status":"publish","type":"product","link":"https:\/\/agaty-agaty.pl\/index.php\/produkt\/komplet-3-bransoletek-dotyk-wiosny\/","title":{"rendered":"Komplet 3 bransoletek &#8222;Dotyk wiosny&#8221;"},"content":{"rendered":"<p class=\"\" style=\"text-align: center;\" data-start=\"84\" data-end=\"350\">Stylowy zestaw bransoletek wykonanych z naturalnych <strong>jaspisu kiwi<\/strong>, <strong>z\u0142ocistych hematyt\u00f3w,<\/strong> \u00a0<strong>agat\u00f3w crazy<\/strong>,\u00a0<strong>kryszta\u0142k\u00f3w, masy per\u0142owej<\/strong> i <strong>stali szlachetnej.<\/strong><\/p>\n<p class=\"\" style=\"text-align: center;\" data-start=\"84\" data-end=\"350\">Harmonijne zestawienie kolor\u00f3w sprawia, \u017ce \u015bwietnie pasuje do typu urody <strong data-start=\"443\" data-end=\"453\">Wiosna<\/strong>, podkre\u015blaj\u0105c jej \u015bwie\u017co\u015b\u0107 i naturalne ciep\u0142o.<br \/>\nDoskonale sprawdzi si\u0119 r\u00f3wnie\u017c u kobiet o typie <strong data-start=\"549\" data-end=\"559\">Jesie\u0144<\/strong>, dodaj\u0105c blasku i mi\u0119kko\u015bci ich palecie barw.<\/p>\n<p class=\"\" style=\"text-align: center;\" data-start=\"352\" data-end=\"551\">Dwie wi\u0119ksze bransoletki \u2013 kompozycja <strong>jaspisu kiwi<\/strong>, <strong>z\u0142ocistych hematyt\u00f3w<\/strong> i <strong>agat\u00f3w crazy<\/strong>, ozdobiona eleganck\u0105 zawieszk\u0105 ze s<strong>tali szlachetnej<\/strong> i <strong>masy per\u0142owej<\/strong>.<\/p>\n<p class=\"\" style=\"text-align: center;\" data-start=\"553\" data-end=\"691\">Trzecia bransoletka \u2013 delikatna i kobieca; \u0142\u0105czy l\u015bni\u0105ce <strong>kryszta\u0142ki<\/strong> z ozdobami ze <strong>stali szlachetnej<\/strong>, tworz\u0105c lekk\u0105 kompozycj\u0119, kt\u00f3ra pi\u0119knie dope\u0142nia codzienne i bardziej eleganckie stylizacje.<\/p>\n<p class=\"\" style=\"text-align: center;\" data-start=\"882\" data-end=\"1085\">Bransoletki s\u0105 elastyczne, dzi\u0119ki czemu idealnie dopasowuj\u0105 si\u0119 do nadgarstka, zapewniaj\u0105c komfort noszenia. \u015awietnie sprawdz\u0105 si\u0119 zar\u00f3wno na co dzie\u0144, jak i jako elegancki dodatek na wyj\u0105tkowe okazje.<\/p>\n<h3 style=\"text-align: center;\"><strong>Informacja dotycz\u0105ca produkt\u00f3w wykonanych na \u017cy\u0142ce elastycznej:<\/strong><\/h3>\n<p style=\"text-align: center;\">Bransoletki z oferty standardowo s\u0105 wykonywane na nadgarstki o obwodach 16-18cm. Je\u017celi preferujesz inny rozmiar lub lu\u017aniejsze bransoletki, podaj t\u0119 informacj\u0119 w uwagach do zam\u00f3wienia. Dzi\u0119ki temu b\u0119d\u0119 mog\u0142a przygotowa\u0107 bransoletk\u0119 dostosowan\u0105 specjalnie do Ciebie, tak aby zapewni\u0107 Ci wygod\u0119 noszenia i idealne dopasowanie do nadgarstka.<\/p>\n","protected":false},"excerpt":{"rendered":"<p>jaspis kiwi, hematyty, \u00a0agaty crazy,\u00a0kryszta\u0142y<\/p>\n","protected":false},"featured_media":430,"comment_status":"closed","ping_status":"closed","template":"","meta":[],"product_brand":[],"product_cat":[24,50,47],"product_tag":[29,22,28,27,40,31,34,32],"class_list":{"0":"post-429","1":"product","2":"type-product","3":"status-publish","4":"has-post-thumbnail","6":"product_cat-bransoletki","7":"product_cat-jesien","8":"product_cat-wiosna","9":"product_tag-agat-crazy","10":"product_tag-hematyty","11":"product_tag-jaspis-kiwi","12":"product_tag-jesien","13":"product_tag-krysztaly","14":"product_tag-masa-perlowa","15":"product_tag-stal-szlachetna","16":"product_tag-wiosna","18":"first","19":"onbackorder","20":"taxable","21":"shipping-taxable","22":"purchasable","23":"product-type-simple"},"jetpack_sharing_enabled":true,"_links":{"self":[{"href":"https:\/\/agaty-agaty.pl\/index.php\/wp-json\/wp\/v2\/product\/429","targetHints":{"allow":["GET"]}}],"collection":[{"href":"https:\/\/agaty-agaty.pl\/index.php\/wp-json\/wp\/v2\/product"}],"about":[{"href":"https:\/\/agaty-agaty.pl\/index.php\/wp-json\/wp\/v2\/types\/product"}],"replies":[{"embeddable":true,"href":"https:\/\/agaty-agaty.pl\/index.php\/wp-json\/wp\/v2\/comments?post=429"}],"wp:featuredmedia":[{"embeddable":true,"href":"https:\/\/agaty-agaty.pl\/index.php\/wp-json\/wp\/v2\/media\/430"}],"wp:attachment":[{"href":"https:\/\/agaty-agaty.pl\/index.php\/wp-json\/wp\/v2\/media?parent=429"}],"wp:term":[{"taxonomy":"product_brand","embeddable":true,"href":"https:\/\/agaty-agaty.pl\/index.php\/wp-json\/wp\/v2\/product_brand?post=429"},{"taxonomy":"product_cat","embeddable":true,"href":"https:\/\/agaty-agaty.pl\/index.php\/wp-json\/wp\/v2\/product_cat?post=429"},{"taxonomy":"product_tag","embeddable":true,"href":"https:\/\/agaty-agaty.pl\/index.php\/wp-json\/wp\/v2\/product_tag?post=429"}],"curies":[{"name":"wp","href":"https:\/\/api.w.org\/{rel}","templated":true}]}}