{"id":436,"date":"2025-04-28T13:23:42","date_gmt":"2025-04-28T11:23:42","guid":{"rendered":"https:\/\/agaty-agaty.pl\/?post_type=product&#038;p=436"},"modified":"2025-12-03T13:13:48","modified_gmt":"2025-12-03T12:13:48","slug":"bransoletka-letnia-harmonia-3","status":"publish","type":"product","link":"https:\/\/agaty-agaty.pl\/index.php\/produkt\/bransoletka-letnia-harmonia-3\/","title":{"rendered":"Bransoletka &#8222;Letnia harmonia&#8221; #3"},"content":{"rendered":"<p class=\"\" style=\"text-align: center;\" data-start=\"133\" data-end=\"463\">Ta r\u0119cznie wykonana bransoletka \u0142\u0105czy w sobie naturalne pi\u0119kno<strong> howlitu<\/strong>, surowo\u015b\u0107 <strong>lawy wulkanicznej<\/strong> oraz subtelny blask <strong>z\u0142ocistych hematyt\u00f3w<\/strong>. Stonowana kolorystyka, oparta na bieli, czerni i z\u0142otych akcentach, tworzy harmonijn\u0105 kompozycj\u0119, idealnie wpisuj\u0105c\u0105 si\u0119 w estetyk\u0119 typu urody <strong data-start=\"454\" data-end=\"462\">lato<\/strong>.<\/p>\n<p class=\"\" style=\"text-align: center;\" data-start=\"465\" data-end=\"644\">Delikatne kontrasty i matowe wyko\u0144czenia sprawiaj\u0105, \u017ce bransoletka doskonale uzupe\u0142ni zar\u00f3wno codzienne, jak i bardziej eleganckie stylizacje, dodaj\u0105c im lekko\u015bci i wyrafinowania.<\/p>\n<h3 style=\"text-align: center;\"><strong>Informacja dotycz\u0105ca produkt\u00f3w wykonanych na \u017cy\u0142ce elastycznej:<\/strong><\/h3>\n<p style=\"text-align: center;\">Bransoletki z oferty standardowo s\u0105 wykonywane na nadgarstki o obwodach 16-18cm. Je\u017celi preferujesz inny rozmiar lub lu\u017aniejsze bransoletki, podaj t\u0119 informacj\u0119 w uwagach do zam\u00f3wienia. Dzi\u0119ki temu b\u0119d\u0119 mog\u0142a przygotowa\u0107 bransoletk\u0119 dostosowan\u0105 specjalnie do Ciebie, tak aby zapewni\u0107 Ci wygod\u0119 noszenia i idealne dopasowanie do nadgarstka.<\/p>\n","protected":false},"excerpt":{"rendered":"<p>howlit, lawa wulkaniczna, hematyt z\u0142ocisty<\/p>\n","protected":false},"featured_media":279,"comment_status":"closed","ping_status":"closed","template":"","meta":[],"product_brand":[],"product_cat":[24,35],"product_tag":[22,44,46,45],"class_list":{"0":"post-436","1":"product","2":"type-product","3":"status-publish","4":"has-post-thumbnail","6":"product_cat-bransoletki","7":"product_cat-lato","8":"product_tag-hematyty","9":"product_tag-howlity","10":"product_tag-lato","11":"product_tag-lawa-wulkaniczna","13":"first","14":"onbackorder","15":"taxable","16":"shipping-taxable","17":"purchasable","18":"product-type-simple"},"jetpack_sharing_enabled":true,"_links":{"self":[{"href":"https:\/\/agaty-agaty.pl\/index.php\/wp-json\/wp\/v2\/product\/436","targetHints":{"allow":["GET"]}}],"collection":[{"href":"https:\/\/agaty-agaty.pl\/index.php\/wp-json\/wp\/v2\/product"}],"about":[{"href":"https:\/\/agaty-agaty.pl\/index.php\/wp-json\/wp\/v2\/types\/product"}],"replies":[{"embeddable":true,"href":"https:\/\/agaty-agaty.pl\/index.php\/wp-json\/wp\/v2\/comments?post=436"}],"wp:featuredmedia":[{"embeddable":true,"href":"https:\/\/agaty-agaty.pl\/index.php\/wp-json\/wp\/v2\/media\/279"}],"wp:attachment":[{"href":"https:\/\/agaty-agaty.pl\/index.php\/wp-json\/wp\/v2\/media?parent=436"}],"wp:term":[{"taxonomy":"product_brand","embeddable":true,"href":"https:\/\/agaty-agaty.pl\/index.php\/wp-json\/wp\/v2\/product_brand?post=436"},{"taxonomy":"product_cat","embeddable":true,"href":"https:\/\/agaty-agaty.pl\/index.php\/wp-json\/wp\/v2\/product_cat?post=436"},{"taxonomy":"product_tag","embeddable":true,"href":"https:\/\/agaty-agaty.pl\/index.php\/wp-json\/wp\/v2\/product_tag?post=436"}],"curies":[{"name":"wp","href":"https:\/\/api.w.org\/{rel}","templated":true}]}}