{"id":441,"date":"2025-04-28T14:06:45","date_gmt":"2025-04-28T12:06:45","guid":{"rendered":"https:\/\/agaty-agaty.pl\/?post_type=product&#038;p=441"},"modified":"2025-12-03T13:12:19","modified_gmt":"2025-12-03T12:12:19","slug":"komplet-bransoletek-letnia-harmonia-3","status":"publish","type":"product","link":"https:\/\/agaty-agaty.pl\/index.php\/produkt\/komplet-bransoletek-letnia-harmonia-3\/","title":{"rendered":"Komplet bransoletek &#8222;Letnia harmonia&#8221; #3"},"content":{"rendered":"<p class=\"\" style=\"text-align: center;\" data-start=\"195\" data-end=\"455\">Wyj\u0105tkowy komplet dw\u00f3ch bransoletek, \u0142\u0105cz\u0105cych naturalne pi\u0119kno szlachetnych kamieni: <strong>jadeit\u00f3w, jaspis\u00f3w cesarskich, howlitu<\/strong> i<strong> z\u0142ocistych hematyt\u00f3w<\/strong>. Ca\u0142o\u015b\u0107 uzupe\u0142nia trwa\u0142a <strong>stal szlachetna<\/strong> w kolorze z\u0142ota, kt\u00f3ra nadaje kompozycji subtelnego blasku i elegancji.<\/p>\n<p class=\"\" style=\"text-align: center;\" data-start=\"457\" data-end=\"704\">Starannie dobrana paleta barw \u2014 ch\u0142odne odcienie r\u00f3\u017cu, b\u0142\u0119kitu i fioletu, prze\u0142amane z\u0142otymi akcentami \u2014 sprawia, \u017ce zestaw idealnie komponuje si\u0119 z typami urody <strong data-start=\"618\" data-end=\"626\">lato<\/strong> oraz <strong data-start=\"632\" data-end=\"640\">zima<\/strong>, podkre\u015blaj\u0105c ich naturaln\u0105 delikatno\u015b\u0107 i szlachetne kontrasty.<\/p>\n<p class=\"\" style=\"text-align: center;\" data-start=\"706\" data-end=\"826\">Bransoletki mo\u017cna nosi\u0107 razem lub osobno, tworz\u0105c stylizacje dopasowane do okazji \u2014 od codziennych po bardziej formalne.<\/p>\n<h3 style=\"text-align: center;\"><strong>Informacja dotycz\u0105ca produkt\u00f3w wykonanych na \u017cy\u0142ce elastycznej:<\/strong><\/h3>\n<p style=\"text-align: center;\">Bransoletki z oferty standardowo s\u0105 wykonywane na nadgarstki o obwodach 16-18cm. Je\u017celi preferujesz inny rozmiar lub lu\u017aniejsze bransoletki, podaj t\u0119 informacj\u0119 w uwagach do zam\u00f3wienia. Dzi\u0119ki temu b\u0119d\u0119 mog\u0142a przygotowa\u0107 bransoletk\u0119 dostosowan\u0105 specjalnie do Ciebie, tak aby zapewni\u0107 Ci wygod\u0119 noszenia i idealne dopasowanie do nadgarstka.<\/p>\n","protected":false},"excerpt":{"rendered":"<p>jadeit, howlit, jaspis cesarski, hematyt z\u0142ocisty<\/p>\n","protected":false},"featured_media":439,"comment_status":"closed","ping_status":"closed","template":"","meta":[],"product_brand":[],"product_cat":[24,35,48],"product_tag":[22,44,33,54,46,34,26],"class_list":{"0":"post-441","1":"product","2":"type-product","3":"status-publish","4":"has-post-thumbnail","6":"product_cat-bransoletki","7":"product_cat-lato","8":"product_cat-zima","9":"product_tag-hematyty","10":"product_tag-howlity","11":"product_tag-jadeit","12":"product_tag-jaspis-cesarski","13":"product_tag-lato","14":"product_tag-stal-szlachetna","15":"product_tag-zima","17":"first","18":"onbackorder","19":"taxable","20":"shipping-taxable","21":"purchasable","22":"product-type-simple"},"jetpack_sharing_enabled":true,"_links":{"self":[{"href":"https:\/\/agaty-agaty.pl\/index.php\/wp-json\/wp\/v2\/product\/441","targetHints":{"allow":["GET"]}}],"collection":[{"href":"https:\/\/agaty-agaty.pl\/index.php\/wp-json\/wp\/v2\/product"}],"about":[{"href":"https:\/\/agaty-agaty.pl\/index.php\/wp-json\/wp\/v2\/types\/product"}],"replies":[{"embeddable":true,"href":"https:\/\/agaty-agaty.pl\/index.php\/wp-json\/wp\/v2\/comments?post=441"}],"wp:featuredmedia":[{"embeddable":true,"href":"https:\/\/agaty-agaty.pl\/index.php\/wp-json\/wp\/v2\/media\/439"}],"wp:attachment":[{"href":"https:\/\/agaty-agaty.pl\/index.php\/wp-json\/wp\/v2\/media?parent=441"}],"wp:term":[{"taxonomy":"product_brand","embeddable":true,"href":"https:\/\/agaty-agaty.pl\/index.php\/wp-json\/wp\/v2\/product_brand?post=441"},{"taxonomy":"product_cat","embeddable":true,"href":"https:\/\/agaty-agaty.pl\/index.php\/wp-json\/wp\/v2\/product_cat?post=441"},{"taxonomy":"product_tag","embeddable":true,"href":"https:\/\/agaty-agaty.pl\/index.php\/wp-json\/wp\/v2\/product_tag?post=441"}],"curies":[{"name":"wp","href":"https:\/\/api.w.org\/{rel}","templated":true}]}}