{"id":461,"date":"2025-12-03T13:14:15","date_gmt":"2025-12-03T12:14:15","guid":{"rendered":"https:\/\/agaty-agaty.pl\/?post_type=product&#038;p=461"},"modified":"2025-12-03T13:26:55","modified_gmt":"2025-12-03T12:26:55","slug":"naszyjnik-z-koralikow-miyuki","status":"publish","type":"product","link":"https:\/\/agaty-agaty.pl\/index.php\/produkt\/naszyjnik-z-koralikow-miyuki\/","title":{"rendered":"Naszyjnik z koralik\u00f3w Miyuki"},"content":{"rendered":"<p style=\"text-align: center;\" data-start=\"192\" data-end=\"527\">Delikatny, r\u0119cznie wykonany naszyjnik z najwy\u017cszej jako\u015bci koralik\u00f3w <strong data-start=\"261\" data-end=\"271\">Miyuki<\/strong> zachwyca subteln\u0105 kolorystyk\u0105 i precyzj\u0105 wykonania. Po\u0142\u0105czenie <strong data-start=\"335\" data-end=\"377\">turkusowych i pomara\u0144czowych koralik\u00f3w<\/strong> uzupe\u0142niono eleganckimi akcentami ze <strong data-start=\"415\" data-end=\"452\">stali szlachetnej w kolorze z\u0142ota<\/strong>, dzi\u0119ki czemu bi\u017cuteria zyskuje lekko\u015b\u0107, a jednocze\u015bnie stylowy charakter.<\/p>\n<p style=\"text-align: center;\" data-start=\"529\" data-end=\"793\">To idealny dodatek dla kobiet ceni\u0105cych minimalizm, ale tak\u017ce subtelne podkre\u015blenie swojej urody. Harmonijna paleta barw sprawia, \u017ce naszyjnik szczeg\u00f3lnie pi\u0119knie prezentuje si\u0119 u os\u00f3b o typie urody <strong data-start=\"728\" data-end=\"736\">lato<\/strong> i <strong data-start=\"739\" data-end=\"749\">jesie\u0144<\/strong> \u2013 wydobywa ich naturalne ciep\u0142o i \u015bwie\u017co\u015b\u0107.<\/p>\n<p data-start=\"529\" data-end=\"793\">\n<h4 style=\"text-align: center;\" data-start=\"795\" data-end=\"819\"><strong data-start=\"800\" data-end=\"819\">Dlaczego warto?<\/strong><\/h4>\n<p style=\"text-align: center;\" data-start=\"822\" data-end=\"888\">\u2714 Koraliki Miyuki \u2013 znane z perfekcyjnej jako\u015bci i trwa\u0142ych barw<\/p>\n<p style=\"text-align: center;\" data-start=\"822\" data-end=\"888\">\u2714 Elementy ze stali szlachetnej w z\u0142otym kolorze \u2013 odporne na zarysowania i matowienie<\/p>\n<p style=\"text-align: center;\" data-start=\"822\" data-end=\"888\">\u2714 Delikatny, codzienny dodatek, kt\u00f3ry z \u0142atwo\u015bci\u0105 dopasujesz do wielu stylizacji<\/p>\n<p data-start=\"822\" data-end=\"888\">\n<p style=\"text-align: center;\" data-start=\"1089\" data-end=\"1186\">Dodaj swojej bi\u017cuterii lekko\u015bci i koloru \u2013 ten naszyjnik to subtelny akcent, kt\u00f3ry robi wra\u017cenie.<\/p>\n","protected":false},"excerpt":{"rendered":"<p>koraliki Miyuki, stal szlachetna w kolorze z\u0142ota<\/p>\n","protected":false},"featured_media":462,"comment_status":"closed","ping_status":"closed","template":"","meta":[],"product_brand":[38,36],"product_cat":[50,35,55],"product_tag":[27,46,60,34,43],"class_list":{"0":"post-461","1":"product","2":"type-product","3":"status-publish","4":"has-post-thumbnail","6":"product_brand-jesien","7":"product_brand-lato","8":"product_cat-jesien","9":"product_cat-lato","10":"product_cat-naszyjniki","11":"product_tag-jesien","12":"product_tag-lato","13":"product_tag-miyuki","14":"product_tag-stal-szlachetna","15":"product_tag-turkusy","17":"first","18":"instock","19":"taxable","20":"shipping-taxable","21":"purchasable","22":"product-type-simple"},"jetpack_sharing_enabled":true,"_links":{"self":[{"href":"https:\/\/agaty-agaty.pl\/index.php\/wp-json\/wp\/v2\/product\/461","targetHints":{"allow":["GET"]}}],"collection":[{"href":"https:\/\/agaty-agaty.pl\/index.php\/wp-json\/wp\/v2\/product"}],"about":[{"href":"https:\/\/agaty-agaty.pl\/index.php\/wp-json\/wp\/v2\/types\/product"}],"replies":[{"embeddable":true,"href":"https:\/\/agaty-agaty.pl\/index.php\/wp-json\/wp\/v2\/comments?post=461"}],"wp:featuredmedia":[{"embeddable":true,"href":"https:\/\/agaty-agaty.pl\/index.php\/wp-json\/wp\/v2\/media\/462"}],"wp:attachment":[{"href":"https:\/\/agaty-agaty.pl\/index.php\/wp-json\/wp\/v2\/media?parent=461"}],"wp:term":[{"taxonomy":"product_brand","embeddable":true,"href":"https:\/\/agaty-agaty.pl\/index.php\/wp-json\/wp\/v2\/product_brand?post=461"},{"taxonomy":"product_cat","embeddable":true,"href":"https:\/\/agaty-agaty.pl\/index.php\/wp-json\/wp\/v2\/product_cat?post=461"},{"taxonomy":"product_tag","embeddable":true,"href":"https:\/\/agaty-agaty.pl\/index.php\/wp-json\/wp\/v2\/product_tag?post=461"}],"curies":[{"name":"wp","href":"https:\/\/api.w.org\/{rel}","templated":true}]}}